{"id":5267,"date":"2024-05-16T15:50:07","date_gmt":"2024-05-16T12:50:07","guid":{"rendered":"https:\/\/xeon.kapsi.fi\/mikko\/?page_id=5267"},"modified":"2025-04-10T19:06:00","modified_gmt":"2025-04-10T16:06:00","slug":"arkisto","status":"publish","type":"page","link":"https:\/\/xeon.kapsi.fi\/mikko\/arkisto\/","title":{"rendered":"Arkisto"},"content":{"rendered":"\n<p>Mik\u00e4li etsit tietoa jostakin tietyst\u00e4 aiheesta tai haluat p\u00e4\u00e4st\u00e4 suoraan haluamaasi tekstiin, kannattaa k\u00e4ytt\u00e4\u00e4 sivuston hakua, jonka avulla l\u00f6yd\u00e4t helposti juuri sinua kiinnostavat sis\u00e4ll\u00f6t.<\/p>\n\n\n<form role=\"search\" method=\"get\" action=\"https:\/\/xeon.kapsi.fi\/mikko\/\" class=\"wp-block-search__button-inside wp-block-search__icon-button wp-block-search\"    ><label class=\"wp-block-search__label screen-reader-text\" for=\"wp-block-search__input-1\" >Etsi<\/label><div class=\"wp-block-search__inside-wrapper has-border-color\"  style=\"width: 100%;border-width: 2px;border-color: #dddddd;border-radius: calc(6px + 4px)\"><input class=\"wp-block-search__input\" id=\"wp-block-search__input-1\" placeholder=\"Hae kirjoituksia...\" value=\"\" type=\"search\" name=\"s\" required  style=\"border-radius: 6px\"\/><button aria-label=\"Etsi\" class=\"wp-block-search__button has-icon wp-element-button\" type=\"submit\"  style=\"border-radius: 6px\"><svg class=\"search-icon\" viewBox=\"0 0 24 24\" width=\"24\" height=\"24\">\n\t\t\t\t\t<path d=\"M13 5c-3.3 0-6 2.7-6 6 0 1.4.5 2.7 1.3 3.7l-3.8 3.8 1.1 1.1 3.8-3.8c1 .8 2.3 1.3 3.7 1.3 3.3 0 6-2.7 6-6S16.3 5 13 5zm0 10.5c-2.5 0-4.5-2-4.5-4.5s2-4.5 4.5-4.5 4.5 2 4.5 4.5-2 4.5-4.5 4.5z\"><\/path>\n\t\t\t\t<\/svg><\/button><\/div><\/form>\n\n\n<h4 class=\"wp-block-heading\">Kuukausittaiset arkistot<\/h4>\n\n\n\n<p>Alasvetolaatikkoa k\u00e4ytt\u00e4m\u00e4ll\u00e4 voit k\u00e4tev\u00e4sti hyp\u00e4t\u00e4 suoraan haluamasi kuukauden julkaisuihin.<\/p>\n\n\n<div class=\"wp-block-archives-dropdown wp-block-archives\"><label for=\"wp-block-archives-2\" class=\"wp-block-archives__label screen-reader-text\">Arkistot<\/label>\n\t\t<select id=\"wp-block-archives-2\" name=\"archive-dropdown\">\n\t\t<option value=\"\">Valitse kuukausi<\/option>\t<option value='https:\/\/xeon.kapsi.fi\/mikko\/2025\/10\/'> lokakuu 2025 <\/option>\n\t<option value='https:\/\/xeon.kapsi.fi\/mikko\/2025\/08\/'> elokuu 2025 <\/option>\n\t<option value='https:\/\/xeon.kapsi.fi\/mikko\/2025\/05\/'> toukokuu 2025 <\/option>\n\t<option value='https:\/\/xeon.kapsi.fi\/mikko\/2025\/04\/'> huhtikuu 2025 <\/option>\n\t<option value='https:\/\/xeon.kapsi.fi\/mikko\/2025\/03\/'> maaliskuu 2025 <\/option>\n\t<option value='https:\/\/xeon.kapsi.fi\/mikko\/2025\/02\/'> helmikuu 2025 <\/option>\n\t<option value='https:\/\/xeon.kapsi.fi\/mikko\/2025\/01\/'> tammikuu 2025 <\/option>\n\t<option value='https:\/\/xeon.kapsi.fi\/mikko\/2024\/12\/'> joulukuu 2024 <\/option>\n\t<option value='https:\/\/xeon.kapsi.fi\/mikko\/2024\/11\/'> marraskuu 2024 <\/option>\n\t<option value='https:\/\/xeon.kapsi.fi\/mikko\/2024\/10\/'> lokakuu 2024 <\/option>\n\t<option value='https:\/\/xeon.kapsi.fi\/mikko\/2024\/09\/'> syyskuu 2024 <\/option>\n\t<option value='https:\/\/xeon.kapsi.fi\/mikko\/2024\/08\/'> elokuu 2024 <\/option>\n\t<option value='https:\/\/xeon.kapsi.fi\/mikko\/2024\/06\/'> kes\u00e4kuu 2024 <\/option>\n\t<option value='https:\/\/xeon.kapsi.fi\/mikko\/2024\/05\/'> toukokuu 2024 <\/option>\n\t<option value='https:\/\/xeon.kapsi.fi\/mikko\/2024\/03\/'> maaliskuu 2024 <\/option>\n\t<option value='https:\/\/xeon.kapsi.fi\/mikko\/2024\/02\/'> helmikuu 2024 <\/option>\n\t<option value='https:\/\/xeon.kapsi.fi\/mikko\/2024\/01\/'> tammikuu 2024 <\/option>\n\t<option value='https:\/\/xeon.kapsi.fi\/mikko\/2023\/12\/'> joulukuu 2023 <\/option>\n\t<option value='https:\/\/xeon.kapsi.fi\/mikko\/2023\/11\/'> marraskuu 2023 <\/option>\n\t<option value='https:\/\/xeon.kapsi.fi\/mikko\/2023\/10\/'> lokakuu 2023 <\/option>\n\t<option value='https:\/\/xeon.kapsi.fi\/mikko\/2023\/09\/'> syyskuu 2023 <\/option>\n\t<option value='https:\/\/xeon.kapsi.fi\/mikko\/2023\/08\/'> elokuu 2023 <\/option>\n\t<option value='https:\/\/xeon.kapsi.fi\/mikko\/2023\/07\/'> hein\u00e4kuu 2023 <\/option>\n\t<option value='https:\/\/xeon.kapsi.fi\/mikko\/2023\/06\/'> kes\u00e4kuu 2023 <\/option>\n\t<option value='https:\/\/xeon.kapsi.fi\/mikko\/2023\/05\/'> toukokuu 2023 <\/option>\n\t<option value='https:\/\/xeon.kapsi.fi\/mikko\/2023\/04\/'> huhtikuu 2023 <\/option>\n\t<option value='https:\/\/xeon.kapsi.fi\/mikko\/2023\/03\/'> maaliskuu 2023 <\/option>\n\t<option value='https:\/\/xeon.kapsi.fi\/mikko\/2023\/02\/'> helmikuu 2023 <\/option>\n\t<option value='https:\/\/xeon.kapsi.fi\/mikko\/2023\/01\/'> tammikuu 2023 <\/option>\n\t<option value='https:\/\/xeon.kapsi.fi\/mikko\/2022\/12\/'> joulukuu 2022 <\/option>\n\t<option value='https:\/\/xeon.kapsi.fi\/mikko\/2022\/10\/'> lokakuu 2022 <\/option>\n\t<option value='https:\/\/xeon.kapsi.fi\/mikko\/2022\/09\/'> syyskuu 2022 <\/option>\n\t<option value='https:\/\/xeon.kapsi.fi\/mikko\/2022\/07\/'> hein\u00e4kuu 2022 <\/option>\n\t<option value='https:\/\/xeon.kapsi.fi\/mikko\/2022\/06\/'> kes\u00e4kuu 2022 <\/option>\n\t<option value='https:\/\/xeon.kapsi.fi\/mikko\/2022\/05\/'> toukokuu 2022 <\/option>\n\t<option value='https:\/\/xeon.kapsi.fi\/mikko\/2022\/04\/'> huhtikuu 2022 <\/option>\n\t<option value='https:\/\/xeon.kapsi.fi\/mikko\/2022\/03\/'> maaliskuu 2022 <\/option>\n\t<option value='https:\/\/xeon.kapsi.fi\/mikko\/2022\/02\/'> helmikuu 2022 <\/option>\n\t<option value='https:\/\/xeon.kapsi.fi\/mikko\/2022\/01\/'> tammikuu 2022 <\/option>\n\t<option value='https:\/\/xeon.kapsi.fi\/mikko\/2021\/12\/'> joulukuu 2021 <\/option>\n\t<option value='https:\/\/xeon.kapsi.fi\/mikko\/2021\/11\/'> marraskuu 2021 <\/option>\n\t<option value='https:\/\/xeon.kapsi.fi\/mikko\/2021\/10\/'> lokakuu 2021 <\/option>\n\t<option value='https:\/\/xeon.kapsi.fi\/mikko\/2021\/09\/'> syyskuu 2021 <\/option>\n\t<option value='https:\/\/xeon.kapsi.fi\/mikko\/2021\/08\/'> elokuu 2021 <\/option>\n\t<option value='https:\/\/xeon.kapsi.fi\/mikko\/2021\/07\/'> hein\u00e4kuu 2021 <\/option>\n\t<option value='https:\/\/xeon.kapsi.fi\/mikko\/2021\/06\/'> kes\u00e4kuu 2021 <\/option>\n\t<option value='https:\/\/xeon.kapsi.fi\/mikko\/2021\/05\/'> toukokuu 2021 <\/option>\n\t<option value='https:\/\/xeon.kapsi.fi\/mikko\/2021\/04\/'> huhtikuu 2021 <\/option>\n\t<option value='https:\/\/xeon.kapsi.fi\/mikko\/2021\/03\/'> maaliskuu 2021 <\/option>\n\t<option value='https:\/\/xeon.kapsi.fi\/mikko\/2021\/02\/'> helmikuu 2021 <\/option>\n\t<option value='https:\/\/xeon.kapsi.fi\/mikko\/2021\/01\/'> tammikuu 2021 <\/option>\n\t<option value='https:\/\/xeon.kapsi.fi\/mikko\/2020\/12\/'> joulukuu 2020 <\/option>\n\t<option value='https:\/\/xeon.kapsi.fi\/mikko\/2020\/11\/'> marraskuu 2020 <\/option>\n\t<option value='https:\/\/xeon.kapsi.fi\/mikko\/2020\/10\/'> lokakuu 2020 <\/option>\n\t<option value='https:\/\/xeon.kapsi.fi\/mikko\/2020\/09\/'> syyskuu 2020 <\/option>\n\t<option value='https:\/\/xeon.kapsi.fi\/mikko\/2020\/08\/'> elokuu 2020 <\/option>\n\t<option value='https:\/\/xeon.kapsi.fi\/mikko\/2020\/07\/'> hein\u00e4kuu 2020 <\/option>\n\t<option value='https:\/\/xeon.kapsi.fi\/mikko\/2020\/06\/'> kes\u00e4kuu 2020 <\/option>\n\t<option value='https:\/\/xeon.kapsi.fi\/mikko\/2020\/05\/'> toukokuu 2020 <\/option>\n\t<option value='https:\/\/xeon.kapsi.fi\/mikko\/2020\/04\/'> huhtikuu 2020 <\/option>\n\t<option value='https:\/\/xeon.kapsi.fi\/mikko\/2020\/03\/'> maaliskuu 2020 <\/option>\n\t<option value='https:\/\/xeon.kapsi.fi\/mikko\/2020\/02\/'> helmikuu 2020 <\/option>\n\t<option value='https:\/\/xeon.kapsi.fi\/mikko\/2020\/01\/'> tammikuu 2020 <\/option>\n\t<option value='https:\/\/xeon.kapsi.fi\/mikko\/2019\/12\/'> joulukuu 2019 <\/option>\n\t<option value='https:\/\/xeon.kapsi.fi\/mikko\/2019\/11\/'> marraskuu 2019 <\/option>\n\t<option value='https:\/\/xeon.kapsi.fi\/mikko\/2019\/10\/'> lokakuu 2019 <\/option>\n\t<option value='https:\/\/xeon.kapsi.fi\/mikko\/2019\/09\/'> syyskuu 2019 <\/option>\n\t<option value='https:\/\/xeon.kapsi.fi\/mikko\/2019\/08\/'> elokuu 2019 <\/option>\n\t<option value='https:\/\/xeon.kapsi.fi\/mikko\/2019\/07\/'> hein\u00e4kuu 2019 <\/option>\n\t<option value='https:\/\/xeon.kapsi.fi\/mikko\/2019\/06\/'> kes\u00e4kuu 2019 <\/option>\n\t<option value='https:\/\/xeon.kapsi.fi\/mikko\/2019\/05\/'> toukokuu 2019 <\/option>\n\t<option value='https:\/\/xeon.kapsi.fi\/mikko\/2019\/04\/'> huhtikuu 2019 <\/option>\n\t<option value='https:\/\/xeon.kapsi.fi\/mikko\/2019\/03\/'> maaliskuu 2019 <\/option>\n\t<option value='https:\/\/xeon.kapsi.fi\/mikko\/2019\/02\/'> helmikuu 2019 <\/option>\n\t<option value='https:\/\/xeon.kapsi.fi\/mikko\/2019\/01\/'> tammikuu 2019 <\/option>\n\t<option value='https:\/\/xeon.kapsi.fi\/mikko\/2018\/12\/'> joulukuu 2018 <\/option>\n\t<option value='https:\/\/xeon.kapsi.fi\/mikko\/2018\/11\/'> marraskuu 2018 <\/option>\n\t<option value='https:\/\/xeon.kapsi.fi\/mikko\/2018\/10\/'> lokakuu 2018 <\/option>\n\t<option value='https:\/\/xeon.kapsi.fi\/mikko\/2018\/09\/'> syyskuu 2018 <\/option>\n\t<option value='https:\/\/xeon.kapsi.fi\/mikko\/2018\/08\/'> elokuu 2018 <\/option>\n\t<option value='https:\/\/xeon.kapsi.fi\/mikko\/2018\/07\/'> hein\u00e4kuu 2018 <\/option>\n\t<option value='https:\/\/xeon.kapsi.fi\/mikko\/2018\/06\/'> kes\u00e4kuu 2018 <\/option>\n\t<option value='https:\/\/xeon.kapsi.fi\/mikko\/2018\/05\/'> toukokuu 2018 <\/option>\n\t<option value='https:\/\/xeon.kapsi.fi\/mikko\/2018\/04\/'> huhtikuu 2018 <\/option>\n\t<option value='https:\/\/xeon.kapsi.fi\/mikko\/2018\/03\/'> maaliskuu 2018 <\/option>\n\t<option value='https:\/\/xeon.kapsi.fi\/mikko\/2018\/02\/'> helmikuu 2018 <\/option>\n<\/select><script type=\"text\/javascript\">\n\/* <![CDATA[ *\/\n( ( [ dropdownId, homeUrl ] ) => {\n\t\tconst dropdown = document.getElementById( dropdownId );\n\t\tfunction onSelectChange() {\n\t\t\tsetTimeout( () => {\n\t\t\t\tif ( 'escape' === dropdown.dataset.lastkey ) {\n\t\t\t\t\treturn;\n\t\t\t\t}\n\t\t\t\tif ( dropdown.value ) {\n\t\t\t\t\tlocation.href = dropdown.value;\n\t\t\t\t}\n\t\t\t}, 250 );\n\t\t}\n\t\tfunction onKeyUp( event ) {\n\t\t\tif ( 'Escape' === event.key ) {\n\t\t\t\tdropdown.dataset.lastkey = 'escape';\n\t\t\t} else {\n\t\t\t\tdelete dropdown.dataset.lastkey;\n\t\t\t}\n\t\t}\n\t\tfunction onClick() {\n\t\t\tdelete dropdown.dataset.lastkey;\n\t\t}\n\t\tdropdown.addEventListener( 'keyup', onKeyUp );\n\t\tdropdown.addEventListener( 'click', onClick );\n\t\tdropdown.addEventListener( 'change', onSelectChange );\n\t} )( [\"wp-block-archives-2\",\"https:\/\/xeon.kapsi.fi\/mikko\"] );\n\/\/# sourceURL=block_core_archives_build_dropdown_script\n\/* ]]> *\/\n<\/script>\n<\/div>\n\n\n<p><\/p>\n","protected":false},"excerpt":{"rendered":"<p>Mik\u00e4li etsit tietoa jostakin tietyst\u00e4 aiheesta tai haluat p\u00e4\u00e4st\u00e4 suoraan haluamaasi tekstiin, kannattaa k\u00e4ytt\u00e4\u00e4 sivuston hakua, jonka avulla l\u00f6yd\u00e4t helposti [&hellip;]<\/p>\n","protected":false},"author":1,"featured_media":0,"parent":0,"menu_order":0,"comment_status":"closed","ping_status":"closed","template":"","meta":{"footnotes":""},"class_list":["post-5267","page","type-page","status-publish","hentry"],"_links":{"self":[{"href":"https:\/\/xeon.kapsi.fi\/mikko\/wp-json\/wp\/v2\/pages\/5267","targetHints":{"allow":["GET"]}}],"collection":[{"href":"https:\/\/xeon.kapsi.fi\/mikko\/wp-json\/wp\/v2\/pages"}],"about":[{"href":"https:\/\/xeon.kapsi.fi\/mikko\/wp-json\/wp\/v2\/types\/page"}],"author":[{"embeddable":true,"href":"https:\/\/xeon.kapsi.fi\/mikko\/wp-json\/wp\/v2\/users\/1"}],"replies":[{"embeddable":true,"href":"https:\/\/xeon.kapsi.fi\/mikko\/wp-json\/wp\/v2\/comments?post=5267"}],"version-history":[{"count":2,"href":"https:\/\/xeon.kapsi.fi\/mikko\/wp-json\/wp\/v2\/pages\/5267\/revisions"}],"predecessor-version":[{"id":6141,"href":"https:\/\/xeon.kapsi.fi\/mikko\/wp-json\/wp\/v2\/pages\/5267\/revisions\/6141"}],"wp:attachment":[{"href":"https:\/\/xeon.kapsi.fi\/mikko\/wp-json\/wp\/v2\/media?parent=5267"}],"curies":[{"name":"wp","href":"https:\/\/api.w.org\/{rel}","templated":true}]}}