{"id":4336,"date":"2023-03-30T14:20:03","date_gmt":"2023-03-30T11:20:03","guid":{"rendered":"https:\/\/xeon.kapsi.fi\/kubitti\/?page_id=4336"},"modified":"2025-01-24T15:44:07","modified_gmt":"2025-01-24T13:44:07","slug":"tietoa","status":"publish","type":"page","link":"https:\/\/xeon.kapsi.fi\/mikko\/tietoa\/","title":{"rendered":"Tietoa"},"content":{"rendered":"\n<p><em>Tervetuloa omaan pieneen kulmaani internetiss\u00e4.<\/em><\/p>\n\n\n\n<p>Olen aina ollut kiinnostunut internetist\u00e4 ja teknologiasta, ja vuosien saatossa tuo kiinnostus ja tietynlainen intohimo t\u00e4h\u00e4n aiheeseen on vain syventynyt ja tiivistynyt. Verkko on minulle kuin loputon leikkikentt\u00e4. Kun en ole linjoilla, nautin pitkist\u00e4 hyvist\u00e4 y\u00f6unista, hyv\u00e4st\u00e4 musiikista tai h\u00f6yry\u00e4v\u00e4st\u00e4 kupillisesta kahvia \u2615\ufe0f.<\/p>\n\n\n\n<p>T\u00e4m\u00e4 sivusto toimii digitaalisena kotina l\u00f6yt\u00e4m\u00e4lleni mielenkiintoiselle sis\u00e4ll\u00f6lle. T\u00e4\u00e4lt\u00e4 l\u00f6yd\u00e4t esimerkiksi linkkej\u00e4 artikkeleihin, uutisiin, inspiroiviin sivustoihin sek\u00e4 ajankohtaisiin ilmi\u00f6ihin \u2013 unohtamatta omia ajatuksiani ja havaintojani. Ajan my\u00f6t\u00e4 kertynyt sis\u00e4lt\u00f6 ansaitsee tallennuspaikan, ja n\u00e4in l\u00f6yd\u00e4t kaiken helposti yhdest\u00e4 paikasta vain t\u00e4t\u00e4 sivua selaamalla.<\/p>\n\n\n\n<figure class=\"wp-block-image size-large wp-duotone-000000-abb8c3-1\"><img loading=\"lazy\" decoding=\"async\" width=\"1920\" height=\"1080\" src=\"https:\/\/xeon.kapsi.fi\/mikko\/wp-content\/uploads\/2025\/01\/about-edited.jpg\" alt=\"\" class=\"wp-image-6052\" srcset=\"https:\/\/xeon.kapsi.fi\/mikko\/wp-content\/uploads\/2025\/01\/about-edited.jpg 1920w, https:\/\/xeon.kapsi.fi\/mikko\/wp-content\/uploads\/2025\/01\/about-edited-300x169.jpg 300w, https:\/\/xeon.kapsi.fi\/mikko\/wp-content\/uploads\/2025\/01\/about-edited-1024x576.jpg 1024w, https:\/\/xeon.kapsi.fi\/mikko\/wp-content\/uploads\/2025\/01\/about-edited-768x432.jpg 768w, https:\/\/xeon.kapsi.fi\/mikko\/wp-content\/uploads\/2025\/01\/about-edited-1536x864.jpg 1536w, https:\/\/xeon.kapsi.fi\/mikko\/wp-content\/uploads\/2025\/01\/about-edited-1000x563.jpg 1000w, https:\/\/xeon.kapsi.fi\/mikko\/wp-content\/uploads\/2025\/01\/about-edited-230x129.jpg 230w, https:\/\/xeon.kapsi.fi\/mikko\/wp-content\/uploads\/2025\/01\/about-edited-350x197.jpg 350w, https:\/\/xeon.kapsi.fi\/mikko\/wp-content\/uploads\/2025\/01\/about-edited-480x270.jpg 480w\" sizes=\"auto, (max-width: 1920px) 100vw, 1920px\" \/><figcaption class=\"wp-element-caption\">Kuva: unsplash.com<\/figcaption><\/figure>\n\n\n\n<ul class=\"wp-block-list\">\n<li>Yll\u00e4pidon s\u00e4hk\u00f6posti: <em>xeon (at) kapsi.fi<\/em><\/li>\n<\/ul>\n\n\n\n<p>Kiitos ja lukemisiin!<\/p>\n\n\n\n<p><\/p>\n","protected":false},"excerpt":{"rendered":"<p>Tervetuloa omaan pieneen kulmaani internetiss\u00e4. Olen aina ollut kiinnostunut internetist\u00e4 ja teknologiasta, ja vuosien saatossa tuo kiinnostus ja tietynlainen intohimo [&hellip;]<\/p>\n","protected":false},"author":1,"featured_media":0,"parent":0,"menu_order":0,"comment_status":"closed","ping_status":"closed","template":"","meta":{"footnotes":""},"class_list":["post-4336","page","type-page","status-publish","hentry"],"_links":{"self":[{"href":"https:\/\/xeon.kapsi.fi\/mikko\/wp-json\/wp\/v2\/pages\/4336","targetHints":{"allow":["GET"]}}],"collection":[{"href":"https:\/\/xeon.kapsi.fi\/mikko\/wp-json\/wp\/v2\/pages"}],"about":[{"href":"https:\/\/xeon.kapsi.fi\/mikko\/wp-json\/wp\/v2\/types\/page"}],"author":[{"embeddable":true,"href":"https:\/\/xeon.kapsi.fi\/mikko\/wp-json\/wp\/v2\/users\/1"}],"replies":[{"embeddable":true,"href":"https:\/\/xeon.kapsi.fi\/mikko\/wp-json\/wp\/v2\/comments?post=4336"}],"version-history":[{"count":2,"href":"https:\/\/xeon.kapsi.fi\/mikko\/wp-json\/wp\/v2\/pages\/4336\/revisions"}],"predecessor-version":[{"id":6445,"href":"https:\/\/xeon.kapsi.fi\/mikko\/wp-json\/wp\/v2\/pages\/4336\/revisions\/6445"}],"wp:attachment":[{"href":"https:\/\/xeon.kapsi.fi\/mikko\/wp-json\/wp\/v2\/media?parent=4336"}],"curies":[{"name":"wp","href":"https:\/\/api.w.org\/{rel}","templated":true}]}}