{"id":24,"date":"2020-03-01T16:45:57","date_gmt":"2020-03-01T14:45:57","guid":{"rendered":"https:\/\/xeon.kapsi.fi\/blog\/?page_id=24"},"modified":"2023-01-27T01:08:40","modified_gmt":"2023-01-26T23:08:40","slug":"info","status":"publish","type":"page","link":"https:\/\/xeon.kapsi.fi\/blog\/info\/","title":{"rendered":"Tietoa sivustosta"},"content":{"rendered":"\n<p>Sekalaisia hajatelmia jo vuodesta 2018. Nollaykk\u00f6sen sis\u00e4lt\u00f6 koostuu sekalaisista, sill\u00e4 hetkell\u00e4 t\u00e4rkeist\u00e4 linkeist\u00e4, muistiinpanoista, pienist\u00e4 oppaista, sek\u00e4 muista itse\u00e4ni kiinnostavista vaihtelevista aiheista, p\u00e4\u00e4asiallisina aihepiirein\u00e4 ovat kuitenkin muun muuassa tietokoneet ja laitteistot, mobiiliaiheet sek\u00e4 videopelit ja ohjelmistot. <\/p>\n\n\n\n<h3 class=\"wp-block-heading\">Ota yhteytt\u00e4<\/h3>\n\n\n\n<p>T\u00e4m\u00e4n blogin yll\u00e4pitoon saa yhteyden allaolevalla osoitteella.<\/p>\n\n\n<div class=\"wp-block-image\">\n<figure class=\"alignleft size-full is-resized\"><img loading=\"lazy\" decoding=\"async\" data-attachment-id=\"3428\" data-permalink=\"https:\/\/xeon.kapsi.fi\/blog\/info\/email-2\/\" data-orig-file=\"https:\/\/xeon.kapsi.fi\/blog\/wp-content\/uploads\/2022\/07\/email-2.png\" data-orig-size=\"104,20\" data-comments-opened=\"1\" data-image-meta=\"{&quot;aperture&quot;:&quot;0&quot;,&quot;credit&quot;:&quot;&quot;,&quot;camera&quot;:&quot;&quot;,&quot;caption&quot;:&quot;&quot;,&quot;created_timestamp&quot;:&quot;0&quot;,&quot;copyright&quot;:&quot;&quot;,&quot;focal_length&quot;:&quot;0&quot;,&quot;iso&quot;:&quot;0&quot;,&quot;shutter_speed&quot;:&quot;0&quot;,&quot;title&quot;:&quot;&quot;,&quot;orientation&quot;:&quot;0&quot;}\" data-image-title=\"email-2\" data-image-description=\"\" data-image-caption=\"\" data-medium-file=\"https:\/\/xeon.kapsi.fi\/blog\/wp-content\/uploads\/2022\/07\/email-2.png\" data-large-file=\"https:\/\/xeon.kapsi.fi\/blog\/wp-content\/uploads\/2022\/07\/email-2.png\" src=\"https:\/\/xeon.kapsi.fi\/blog\/wp-content\/uploads\/2022\/07\/email-2.png\" alt=\"\" class=\"wp-image-3428\" width=\"104\" height=\"20\"\/><\/figure><\/div>\n\n\n<p><\/p>\n","protected":false},"excerpt":{"rendered":"<p>Sekalaisia hajatelmia jo vuodesta 2018. Nollaykk\u00f6sen sis\u00e4lt\u00f6 koostuu sekalaisista, sill\u00e4 hetkell\u00e4 t\u00e4rkeist\u00e4 linkeist\u00e4, muistiinpanoista, pienist\u00e4 oppaista, sek\u00e4 muista itse\u00e4ni kiinnostavista vaihtelevista aiheista, p\u00e4\u00e4asiallisina aihepiirein\u00e4 ovat &hellip; <\/p>\n","protected":false},"author":1,"featured_media":3739,"parent":0,"menu_order":0,"comment_status":"closed","ping_status":"closed","template":"","meta":{"jetpack_post_was_ever_published":false,"footnotes":""},"class_list":["post-24","page","type-page","status-publish","has-post-thumbnail","hentry"],"_links":{"self":[{"href":"https:\/\/xeon.kapsi.fi\/blog\/wp-json\/wp\/v2\/pages\/24","targetHints":{"allow":["GET"]}}],"collection":[{"href":"https:\/\/xeon.kapsi.fi\/blog\/wp-json\/wp\/v2\/pages"}],"about":[{"href":"https:\/\/xeon.kapsi.fi\/blog\/wp-json\/wp\/v2\/types\/page"}],"author":[{"embeddable":true,"href":"https:\/\/xeon.kapsi.fi\/blog\/wp-json\/wp\/v2\/users\/1"}],"replies":[{"embeddable":true,"href":"https:\/\/xeon.kapsi.fi\/blog\/wp-json\/wp\/v2\/comments?post=24"}],"version-history":[{"count":2,"href":"https:\/\/xeon.kapsi.fi\/blog\/wp-json\/wp\/v2\/pages\/24\/revisions"}],"predecessor-version":[{"id":4031,"href":"https:\/\/xeon.kapsi.fi\/blog\/wp-json\/wp\/v2\/pages\/24\/revisions\/4031"}],"wp:featuredmedia":[{"embeddable":true,"href":"https:\/\/xeon.kapsi.fi\/blog\/wp-json\/wp\/v2\/media\/3739"}],"wp:attachment":[{"href":"https:\/\/xeon.kapsi.fi\/blog\/wp-json\/wp\/v2\/media?parent=24"}],"curies":[{"name":"wp","href":"https:\/\/api.w.org\/{rel}","templated":true}]}}